{"id":49,"date":"2026-03-18T10:29:14","date_gmt":"2026-03-18T10:29:14","guid":{"rendered":"https:\/\/saolaai.com\/?page_id=49"},"modified":"2026-03-18T10:29:14","modified_gmt":"2026-03-18T10:29:14","slug":"doi-tuong","status":"publish","type":"page","link":"https:\/\/saolaai.com\/?page_id=49","title":{"rendered":"\u0110\u1ed1i t\u01b0\u1ee3ng"},"content":{"rendered":"<h2 class=\"wp-block-heading\">SaolaAI d\u00e0nh cho ai?<\/h2><p>Ch\u00fang t\u00f4i ph\u1ee5c v\u1ee5 to\u00e0n b\u1ed9 h\u1ec7 sinh th\u00e1i ng\u00e0nh Du l\u1ecbch \u2013 Kh\u00e1ch s\u1ea1n t\u1ea1i Vi\u1ec7t Nam v\u00e0 khu v\u1ef1c \u0110\u00f4ng Nam \u00c1.<\/p><h3 class=\"wp-block-heading\">Kh\u00e1ch s\u1ea1n &#038; Resort<\/h3><p>T\u1eeb boutique hotel 10 ph\u00f2ng \u0111\u1ebfn chu\u1ed7i resort 500+ ph\u00f2ng. SaolaAI scale theo quy m\u00f4 c\u1ee7a b\u1ea1n.<\/p><h3 class=\"wp-block-heading\">\u0110\u1ea1i l\u00fd Du l\u1ecbch &#038; OTA<\/h3><p>N\u1ec1n t\u1ea3ng AI gi\u00fap t\u01b0 v\u1ea5n tour th\u00f4ng minh, c\u00e1 nh\u00e2n h\u00f3a h\u00e0nh tr\u00ecnh v\u00e0 t\u0103ng t\u1ef7 l\u1ec7 ch\u1ed1t \u0111\u01a1n.<\/p><h3 class=\"wp-block-heading\">Doanh nghi\u1ec7p L\u1eef h\u00e0nh<\/h3><p>T\u1ed1i \u01b0u quy tr\u00ecnh v\u1eadn h\u00e0nh, qu\u1ea3n l\u00fd \u0111o\u00e0n kh\u00e1ch v\u00e0 n\u00e2ng cao ch\u1ea5t l\u01b0\u1ee3ng d\u1ecbch v\u1ee5 h\u01b0\u1edbng d\u1eabn.<\/p>","protected":false},"excerpt":{"rendered":"<p>SaolaAI ph\u1ee5c v\u1ee5 \u0111a d\u1ea1ng \u0111\u1ed1i t\u01b0\u1ee3ng trong h\u1ec7 sinh th\u00e1i ng\u00e0nh Du l\u1ecbch \u2013 Kh\u00e1ch s\u1ea1n.<\/p>\n","protected":false},"author":2,"featured_media":0,"parent":0,"menu_order":0,"comment_status":"closed","ping_status":"closed","template":"","meta":{"footnotes":""},"class_list":["post-49","page","type-page","status-publish","hentry"],"_links":{"self":[{"href":"https:\/\/saolaai.com\/index.php?rest_route=\/wp\/v2\/pages\/49","targetHints":{"allow":["GET"]}}],"collection":[{"href":"https:\/\/saolaai.com\/index.php?rest_route=\/wp\/v2\/pages"}],"about":[{"href":"https:\/\/saolaai.com\/index.php?rest_route=\/wp\/v2\/types\/page"}],"author":[{"embeddable":true,"href":"https:\/\/saolaai.com\/index.php?rest_route=\/wp\/v2\/users\/2"}],"replies":[{"embeddable":true,"href":"https:\/\/saolaai.com\/index.php?rest_route=%2Fwp%2Fv2%2Fcomments&post=49"}],"version-history":[{"count":0,"href":"https:\/\/saolaai.com\/index.php?rest_route=\/wp\/v2\/pages\/49\/revisions"}],"wp:attachment":[{"href":"https:\/\/saolaai.com\/index.php?rest_route=%2Fwp%2Fv2%2Fmedia&parent=49"}],"curies":[{"name":"wp","href":"https:\/\/api.w.org\/{rel}","templated":true}]}}