{"id":47,"date":"2026-03-18T10:29:14","date_gmt":"2026-03-18T10:29:14","guid":{"rendered":"https:\/\/saolaai.com\/?page_id=47"},"modified":"2026-03-18T10:29:14","modified_gmt":"2026-03-18T10:29:14","slug":"tinh-nang","status":"publish","type":"page","link":"https:\/\/saolaai.com\/?page_id=47","title":{"rendered":"T\u00ednh n\u0103ng"},"content":{"rendered":"<h2 class=\"wp-block-heading\">T\u00ednh n\u0103ng n\u1ed5i b\u1eadt c\u1ee7a SaolaAI<\/h2><p>SaolaAI cung c\u1ea5p b\u1ed9 c\u00f4ng c\u1ee5 AI to\u00e0n di\u1ec7n \u0111\u01b0\u1ee3c thi\u1ebft k\u1ebf ri\u00eang cho ng\u00e0nh Du l\u1ecbch v\u00e0 Kh\u00e1ch s\u1ea1n. T\u1eeb qu\u1ea3n l\u00fd \u0111\u1eb7t ph\u00f2ng th\u00f4ng minh \u0111\u1ebfn ch\u0103m s\u00f3c kh\u00e1ch h\u00e0ng t\u1ef1 \u0111\u1ed9ng \u2014 t\u1ea5t c\u1ea3 trong m\u1ed9t n\u1ec1n t\u1ea3ng duy nh\u1ea5t.<\/p><h3 class=\"wp-block-heading\">Qu\u1ea3n l\u00fd \u0111\u1eb7t ph\u00f2ng th\u00f4ng minh<\/h3><p>H\u1ec7 th\u1ed1ng AI t\u1ef1 \u0111\u1ed9ng x\u1eed l\u00fd \u0111\u1eb7t ph\u00f2ng, t\u1ed1i \u01b0u c\u00f4ng su\u1ea5t ph\u00f2ng v\u00e0 \u0111\u1ec1 xu\u1ea5t gi\u00e1 linh ho\u1ea1t theo th\u1eddi gian th\u1ef1c.<\/p><h3 class=\"wp-block-heading\">Chatbot ch\u0103m s\u00f3c kh\u00e1ch h\u00e0ng 24\/7<\/h3><p>Tr\u1ee3 l\u00fd AI tr\u1ea3 l\u1eddi c\u00e2u h\u1ecfi kh\u00e1ch h\u00e0ng, x\u1eed l\u00fd y\u00eau c\u1ea7u v\u00e0 h\u1ed7 tr\u1ee3 \u0111\u1eb7t ph\u00f2ng qua m\u1ecdi k\u00eanh: website, Zalo, Messenger.<\/p><h3 class=\"wp-block-heading\">Ph\u00e2n t\u00edch d\u1eef li\u1ec7u &#038; b\u00e1o c\u00e1o<\/h3><p>Dashboard tr\u1ef1c quan cung c\u1ea5p insights v\u1ec1 hi\u1ec7u su\u1ea5t v\u1eadn h\u00e0nh, xu h\u01b0\u1edbng \u0111\u1eb7t ph\u00f2ng v\u00e0 h\u00e0nh vi kh\u00e1ch h\u00e0ng.<\/p>","protected":false},"excerpt":{"rendered":"<p>Kh\u00e1m ph\u00e1 c\u00e1c t\u00ednh n\u0103ng n\u1ed5i b\u1eadt c\u1ee7a n\u1ec1n t\u1ea3ng SaolaAI d\u00e0nh cho ng\u00e0nh Du l\u1ecbch \u2013 Kh\u00e1ch s\u1ea1n.<\/p>\n","protected":false},"author":2,"featured_media":0,"parent":0,"menu_order":0,"comment_status":"closed","ping_status":"closed","template":"","meta":{"footnotes":""},"class_list":["post-47","page","type-page","status-publish","hentry"],"_links":{"self":[{"href":"https:\/\/saolaai.com\/index.php?rest_route=\/wp\/v2\/pages\/47","targetHints":{"allow":["GET"]}}],"collection":[{"href":"https:\/\/saolaai.com\/index.php?rest_route=\/wp\/v2\/pages"}],"about":[{"href":"https:\/\/saolaai.com\/index.php?rest_route=\/wp\/v2\/types\/page"}],"author":[{"embeddable":true,"href":"https:\/\/saolaai.com\/index.php?rest_route=\/wp\/v2\/users\/2"}],"replies":[{"embeddable":true,"href":"https:\/\/saolaai.com\/index.php?rest_route=%2Fwp%2Fv2%2Fcomments&post=47"}],"version-history":[{"count":0,"href":"https:\/\/saolaai.com\/index.php?rest_route=\/wp\/v2\/pages\/47\/revisions"}],"wp:attachment":[{"href":"https:\/\/saolaai.com\/index.php?rest_route=%2Fwp%2Fv2%2Fmedia&parent=47"}],"curies":[{"name":"wp","href":"https:\/\/api.w.org\/{rel}","templated":true}]}}